{"id":2201,"date":"2021-06-30T10:33:13","date_gmt":"2021-06-30T10:33:13","guid":{"rendered":"https:\/\/telergon.gorlan.com\/trabaja-con-nosotros\/"},"modified":"2022-07-13T09:21:56","modified_gmt":"2022-07-13T07:21:56","slug":"work-with-us","status":"publish","type":"page","link":"https:\/\/telergon.gorlan.com\/en\/work-with-us\/","title":{"rendered":"Work with us"},"content":{"rendered":"","protected":false},"excerpt":{"rendered":"","protected":false},"author":3,"featured_media":0,"parent":0,"menu_order":0,"comment_status":"closed","ping_status":"closed","template":"","meta":{"footnotes":""},"acf":[],"yoast_head":"<!-- This site is optimized with the Yoast SEO Premium plugin v21.3 (Yoast SEO v22.5) - https:\/\/yoast.com\/wordpress\/plugins\/seo\/ -->\n<title>Work with us | Telergon<\/title>\n<meta name=\"robots\" content=\"index, follow, max-snippet:-1, max-image-preview:large, max-video-preview:-1\" \/>\n<link rel=\"canonical\" href=\"https:\/\/telergon.gorlan.com\/en\/work-with-us\/\" \/>\n<meta property=\"og:locale\" content=\"en_US\" \/>\n<meta property=\"og:type\" content=\"article\" \/>\n<meta property=\"og:title\" content=\"Work with us\" \/>\n<meta property=\"og:url\" content=\"https:\/\/telergon.gorlan.com\/en\/work-with-us\/\" \/>\n<meta property=\"og:site_name\" content=\"Telergon\" \/>\n<meta property=\"article:modified_time\" content=\"2022-07-13T07:21:56+00:00\" \/>\n<meta name=\"twitter:card\" content=\"summary_large_image\" \/>\n<script type=\"application\/ld+json\" class=\"yoast-schema-graph\">{\"@context\":\"https:\/\/schema.org\",\"@graph\":[{\"@type\":\"WebPage\",\"@id\":\"https:\/\/telergon.gorlan.com\/en\/work-with-us\/\",\"url\":\"https:\/\/telergon.gorlan.com\/en\/work-with-us\/\",\"name\":\"Work with us | Telergon\",\"isPartOf\":{\"@id\":\"https:\/\/telergon.gorlan.com\/#website\"},\"datePublished\":\"2021-06-30T10:33:13+00:00\",\"dateModified\":\"2022-07-13T07:21:56+00:00\",\"inLanguage\":\"en-US\",\"potentialAction\":[{\"@type\":\"ReadAction\",\"target\":[\"https:\/\/telergon.gorlan.com\/en\/work-with-us\/\"]}]},{\"@type\":\"WebSite\",\"@id\":\"https:\/\/telergon.gorlan.com\/#website\",\"url\":\"https:\/\/telergon.gorlan.com\/\",\"name\":\"Telergon\",\"description\":\"Dise\u00f1o y fabricaci\u00f3n de soluciones de seccionamiento y protecci\u00f3n en baja tensi\u00f3n\",\"publisher\":{\"@id\":\"https:\/\/telergon.gorlan.com\/#organization\"},\"potentialAction\":[{\"@type\":\"SearchAction\",\"target\":{\"@type\":\"EntryPoint\",\"urlTemplate\":\"https:\/\/telergon.gorlan.com\/?s={search_term_string}\"},\"query-input\":\"required name=search_term_string\"}],\"inLanguage\":\"en-US\"},{\"@type\":\"Organization\",\"@id\":\"https:\/\/telergon.gorlan.com\/#organization\",\"name\":\"Telergon\",\"url\":\"https:\/\/telergon.gorlan.com\/\",\"logo\":{\"@type\":\"ImageObject\",\"inLanguage\":\"en-US\",\"@id\":\"https:\/\/telergon.gorlan.com\/#\/schema\/logo\/image\/\",\"url\":\"https:\/\/telergon.gorlan.com\/wp-content\/uploads\/2022\/02\/resultado_defecto_telergon.jpg\",\"contentUrl\":\"https:\/\/telergon.gorlan.com\/wp-content\/uploads\/2022\/02\/resultado_defecto_telergon.jpg\",\"width\":944,\"height\":629,\"caption\":\"Telergon\"},\"image\":{\"@id\":\"https:\/\/telergon.gorlan.com\/#\/schema\/logo\/image\/\"}}]}<\/script>\n<!-- \/ Yoast SEO Premium plugin. -->","yoast_head_json":{"title":"Work with us | Telergon","robots":{"index":"index","follow":"follow","max-snippet":"max-snippet:-1","max-image-preview":"max-image-preview:large","max-video-preview":"max-video-preview:-1"},"canonical":"https:\/\/telergon.gorlan.com\/en\/work-with-us\/","og_locale":"en_US","og_type":"article","og_title":"Work with us","og_url":"https:\/\/telergon.gorlan.com\/en\/work-with-us\/","og_site_name":"Telergon","article_modified_time":"2022-07-13T07:21:56+00:00","twitter_card":"summary_large_image","schema":{"@context":"https:\/\/schema.org","@graph":[{"@type":"WebPage","@id":"https:\/\/telergon.gorlan.com\/en\/work-with-us\/","url":"https:\/\/telergon.gorlan.com\/en\/work-with-us\/","name":"Work with us | Telergon","isPartOf":{"@id":"https:\/\/telergon.gorlan.com\/#website"},"datePublished":"2021-06-30T10:33:13+00:00","dateModified":"2022-07-13T07:21:56+00:00","inLanguage":"en-US","potentialAction":[{"@type":"ReadAction","target":["https:\/\/telergon.gorlan.com\/en\/work-with-us\/"]}]},{"@type":"WebSite","@id":"https:\/\/telergon.gorlan.com\/#website","url":"https:\/\/telergon.gorlan.com\/","name":"Telergon","description":"Dise\u00f1o y fabricaci\u00f3n de soluciones de seccionamiento y protecci\u00f3n en baja tensi\u00f3n","publisher":{"@id":"https:\/\/telergon.gorlan.com\/#organization"},"potentialAction":[{"@type":"SearchAction","target":{"@type":"EntryPoint","urlTemplate":"https:\/\/telergon.gorlan.com\/?s={search_term_string}"},"query-input":"required name=search_term_string"}],"inLanguage":"en-US"},{"@type":"Organization","@id":"https:\/\/telergon.gorlan.com\/#organization","name":"Telergon","url":"https:\/\/telergon.gorlan.com\/","logo":{"@type":"ImageObject","inLanguage":"en-US","@id":"https:\/\/telergon.gorlan.com\/#\/schema\/logo\/image\/","url":"https:\/\/telergon.gorlan.com\/wp-content\/uploads\/2022\/02\/resultado_defecto_telergon.jpg","contentUrl":"https:\/\/telergon.gorlan.com\/wp-content\/uploads\/2022\/02\/resultado_defecto_telergon.jpg","width":944,"height":629,"caption":"Telergon"},"image":{"@id":"https:\/\/telergon.gorlan.com\/#\/schema\/logo\/image\/"}}]}},"_links":{"self":[{"href":"https:\/\/telergon.gorlan.com\/en\/wp-json\/wp\/v2\/pages\/2201"}],"collection":[{"href":"https:\/\/telergon.gorlan.com\/en\/wp-json\/wp\/v2\/pages"}],"about":[{"href":"https:\/\/telergon.gorlan.com\/en\/wp-json\/wp\/v2\/types\/page"}],"author":[{"embeddable":true,"href":"https:\/\/telergon.gorlan.com\/en\/wp-json\/wp\/v2\/users\/3"}],"replies":[{"embeddable":true,"href":"https:\/\/telergon.gorlan.com\/en\/wp-json\/wp\/v2\/comments?post=2201"}],"version-history":[{"count":7,"href":"https:\/\/telergon.gorlan.com\/en\/wp-json\/wp\/v2\/pages\/2201\/revisions"}],"predecessor-version":[{"id":5533,"href":"https:\/\/telergon.gorlan.com\/en\/wp-json\/wp\/v2\/pages\/2201\/revisions\/5533"}],"wp:attachment":[{"href":"https:\/\/telergon.gorlan.com\/en\/wp-json\/wp\/v2\/media?parent=2201"}],"curies":[{"name":"wp","href":"https:\/\/api.w.org\/{rel}","templated":true}]}}