{"id":2256,"date":"2021-07-01T09:29:55","date_gmt":"2021-07-01T09:29:55","guid":{"rendered":"https:\/\/telergon.gorlan.com\/sales-network\/nacional\/"},"modified":"2024-11-12T19:08:03","modified_gmt":"2024-11-12T17:08:03","slug":"national","status":"publish","type":"page","link":"https:\/\/telergon.gorlan.com\/en\/sales-network\/national\/","title":{"rendered":"National sales"},"content":{"rendered":"","protected":false},"excerpt":{"rendered":"","protected":false},"author":3,"featured_media":2258,"parent":2241,"menu_order":0,"comment_status":"closed","ping_status":"closed","template":"","meta":{"footnotes":""},"acf":[],"yoast_head":"<!-- This site is optimized with the Yoast SEO Premium plugin v21.3 (Yoast SEO v22.5) - https:\/\/yoast.com\/wordpress\/plugins\/seo\/ -->\n<title>National sales | Telergon<\/title>\n<meta name=\"robots\" content=\"index, follow, max-snippet:-1, max-image-preview:large, max-video-preview:-1\" \/>\n<link rel=\"canonical\" href=\"https:\/\/telergon.gorlan.com\/en\/sales-network\/national\/\" \/>\n<meta property=\"og:locale\" content=\"en_US\" \/>\n<meta property=\"og:type\" content=\"article\" \/>\n<meta property=\"og:title\" content=\"National sales\" \/>\n<meta property=\"og:url\" content=\"https:\/\/telergon.gorlan.com\/en\/sales-network\/national\/\" \/>\n<meta property=\"og:site_name\" content=\"Telergon\" \/>\n<meta property=\"article:modified_time\" content=\"2024-11-12T17:08:03+00:00\" \/>\n<meta property=\"og:image\" content=\"https:\/\/telergon.gorlan.com\/wp-content\/uploads\/2021\/11\/Nacional-2.jpg\" \/>\n\t<meta property=\"og:image:width\" content=\"2500\" \/>\n\t<meta property=\"og:image:height\" content=\"1667\" \/>\n\t<meta property=\"og:image:type\" content=\"image\/jpeg\" \/>\n<meta name=\"twitter:card\" content=\"summary_large_image\" \/>\n<meta name=\"twitter:label1\" content=\"Est. reading time\" \/>\n\t<meta name=\"twitter:data1\" content=\"2 minutes\" \/>\n<script type=\"application\/ld+json\" class=\"yoast-schema-graph\">{\"@context\":\"https:\/\/schema.org\",\"@graph\":[{\"@type\":\"WebPage\",\"@id\":\"https:\/\/telergon.gorlan.com\/en\/sales-network\/national\/\",\"url\":\"https:\/\/telergon.gorlan.com\/en\/sales-network\/national\/\",\"name\":\"National sales | Telergon\",\"isPartOf\":{\"@id\":\"https:\/\/telergon.gorlan.com\/#website\"},\"primaryImageOfPage\":{\"@id\":\"https:\/\/telergon.gorlan.com\/en\/sales-network\/national\/#primaryimage\"},\"image\":{\"@id\":\"https:\/\/telergon.gorlan.com\/en\/sales-network\/national\/#primaryimage\"},\"thumbnailUrl\":\"https:\/\/telergon.gorlan.com\/wp-content\/uploads\/2021\/11\/Nacional-2.jpg\",\"datePublished\":\"2021-07-01T09:29:55+00:00\",\"dateModified\":\"2024-11-12T17:08:03+00:00\",\"breadcrumb\":{\"@id\":\"https:\/\/telergon.gorlan.com\/en\/sales-network\/national\/#breadcrumb\"},\"inLanguage\":\"en-US\",\"potentialAction\":[{\"@type\":\"ReadAction\",\"target\":[\"https:\/\/telergon.gorlan.com\/en\/sales-network\/national\/\"]}]},{\"@type\":\"ImageObject\",\"inLanguage\":\"en-US\",\"@id\":\"https:\/\/telergon.gorlan.com\/en\/sales-network\/national\/#primaryimage\",\"url\":\"https:\/\/telergon.gorlan.com\/wp-content\/uploads\/2021\/11\/Nacional-2.jpg\",\"contentUrl\":\"https:\/\/telergon.gorlan.com\/wp-content\/uploads\/2021\/11\/Nacional-2.jpg\",\"width\":2500,\"height\":1667},{\"@type\":\"BreadcrumbList\",\"@id\":\"https:\/\/telergon.gorlan.com\/en\/sales-network\/national\/#breadcrumb\",\"itemListElement\":[{\"@type\":\"ListItem\",\"position\":1,\"name\":\"Sales network\",\"item\":\"https:\/\/telergon.gorlan.com\/en\/sales-network\/\"},{\"@type\":\"ListItem\",\"position\":2,\"name\":\"National sales\"}]},{\"@type\":\"WebSite\",\"@id\":\"https:\/\/telergon.gorlan.com\/#website\",\"url\":\"https:\/\/telergon.gorlan.com\/\",\"name\":\"Telergon\",\"description\":\"Dise\u00f1o y fabricaci\u00f3n de soluciones de seccionamiento y protecci\u00f3n en baja tensi\u00f3n\",\"publisher\":{\"@id\":\"https:\/\/telergon.gorlan.com\/#organization\"},\"potentialAction\":[{\"@type\":\"SearchAction\",\"target\":{\"@type\":\"EntryPoint\",\"urlTemplate\":\"https:\/\/telergon.gorlan.com\/?s={search_term_string}\"},\"query-input\":\"required name=search_term_string\"}],\"inLanguage\":\"en-US\"},{\"@type\":\"Organization\",\"@id\":\"https:\/\/telergon.gorlan.com\/#organization\",\"name\":\"Telergon\",\"url\":\"https:\/\/telergon.gorlan.com\/\",\"logo\":{\"@type\":\"ImageObject\",\"inLanguage\":\"en-US\",\"@id\":\"https:\/\/telergon.gorlan.com\/#\/schema\/logo\/image\/\",\"url\":\"https:\/\/telergon.gorlan.com\/wp-content\/uploads\/2022\/02\/resultado_defecto_telergon.jpg\",\"contentUrl\":\"https:\/\/telergon.gorlan.com\/wp-content\/uploads\/2022\/02\/resultado_defecto_telergon.jpg\",\"width\":944,\"height\":629,\"caption\":\"Telergon\"},\"image\":{\"@id\":\"https:\/\/telergon.gorlan.com\/#\/schema\/logo\/image\/\"}}]}<\/script>\n<!-- \/ Yoast SEO Premium plugin. -->","yoast_head_json":{"title":"National sales | Telergon","robots":{"index":"index","follow":"follow","max-snippet":"max-snippet:-1","max-image-preview":"max-image-preview:large","max-video-preview":"max-video-preview:-1"},"canonical":"https:\/\/telergon.gorlan.com\/en\/sales-network\/national\/","og_locale":"en_US","og_type":"article","og_title":"National sales","og_url":"https:\/\/telergon.gorlan.com\/en\/sales-network\/national\/","og_site_name":"Telergon","article_modified_time":"2024-11-12T17:08:03+00:00","og_image":[{"width":2500,"height":1667,"url":"https:\/\/telergon.gorlan.com\/wp-content\/uploads\/2021\/11\/Nacional-2.jpg","type":"image\/jpeg"}],"twitter_card":"summary_large_image","twitter_misc":{"Est. reading time":"2 minutes"},"schema":{"@context":"https:\/\/schema.org","@graph":[{"@type":"WebPage","@id":"https:\/\/telergon.gorlan.com\/en\/sales-network\/national\/","url":"https:\/\/telergon.gorlan.com\/en\/sales-network\/national\/","name":"National sales | Telergon","isPartOf":{"@id":"https:\/\/telergon.gorlan.com\/#website"},"primaryImageOfPage":{"@id":"https:\/\/telergon.gorlan.com\/en\/sales-network\/national\/#primaryimage"},"image":{"@id":"https:\/\/telergon.gorlan.com\/en\/sales-network\/national\/#primaryimage"},"thumbnailUrl":"https:\/\/telergon.gorlan.com\/wp-content\/uploads\/2021\/11\/Nacional-2.jpg","datePublished":"2021-07-01T09:29:55+00:00","dateModified":"2024-11-12T17:08:03+00:00","breadcrumb":{"@id":"https:\/\/telergon.gorlan.com\/en\/sales-network\/national\/#breadcrumb"},"inLanguage":"en-US","potentialAction":[{"@type":"ReadAction","target":["https:\/\/telergon.gorlan.com\/en\/sales-network\/national\/"]}]},{"@type":"ImageObject","inLanguage":"en-US","@id":"https:\/\/telergon.gorlan.com\/en\/sales-network\/national\/#primaryimage","url":"https:\/\/telergon.gorlan.com\/wp-content\/uploads\/2021\/11\/Nacional-2.jpg","contentUrl":"https:\/\/telergon.gorlan.com\/wp-content\/uploads\/2021\/11\/Nacional-2.jpg","width":2500,"height":1667},{"@type":"BreadcrumbList","@id":"https:\/\/telergon.gorlan.com\/en\/sales-network\/national\/#breadcrumb","itemListElement":[{"@type":"ListItem","position":1,"name":"Sales network","item":"https:\/\/telergon.gorlan.com\/en\/sales-network\/"},{"@type":"ListItem","position":2,"name":"National sales"}]},{"@type":"WebSite","@id":"https:\/\/telergon.gorlan.com\/#website","url":"https:\/\/telergon.gorlan.com\/","name":"Telergon","description":"Dise\u00f1o y fabricaci\u00f3n de soluciones de seccionamiento y protecci\u00f3n en baja tensi\u00f3n","publisher":{"@id":"https:\/\/telergon.gorlan.com\/#organization"},"potentialAction":[{"@type":"SearchAction","target":{"@type":"EntryPoint","urlTemplate":"https:\/\/telergon.gorlan.com\/?s={search_term_string}"},"query-input":"required name=search_term_string"}],"inLanguage":"en-US"},{"@type":"Organization","@id":"https:\/\/telergon.gorlan.com\/#organization","name":"Telergon","url":"https:\/\/telergon.gorlan.com\/","logo":{"@type":"ImageObject","inLanguage":"en-US","@id":"https:\/\/telergon.gorlan.com\/#\/schema\/logo\/image\/","url":"https:\/\/telergon.gorlan.com\/wp-content\/uploads\/2022\/02\/resultado_defecto_telergon.jpg","contentUrl":"https:\/\/telergon.gorlan.com\/wp-content\/uploads\/2022\/02\/resultado_defecto_telergon.jpg","width":944,"height":629,"caption":"Telergon"},"image":{"@id":"https:\/\/telergon.gorlan.com\/#\/schema\/logo\/image\/"}}]}},"_links":{"self":[{"href":"https:\/\/telergon.gorlan.com\/en\/wp-json\/wp\/v2\/pages\/2256"}],"collection":[{"href":"https:\/\/telergon.gorlan.com\/en\/wp-json\/wp\/v2\/pages"}],"about":[{"href":"https:\/\/telergon.gorlan.com\/en\/wp-json\/wp\/v2\/types\/page"}],"author":[{"embeddable":true,"href":"https:\/\/telergon.gorlan.com\/en\/wp-json\/wp\/v2\/users\/3"}],"replies":[{"embeddable":true,"href":"https:\/\/telergon.gorlan.com\/en\/wp-json\/wp\/v2\/comments?post=2256"}],"version-history":[{"count":13,"href":"https:\/\/telergon.gorlan.com\/en\/wp-json\/wp\/v2\/pages\/2256\/revisions"}],"predecessor-version":[{"id":22575,"href":"https:\/\/telergon.gorlan.com\/en\/wp-json\/wp\/v2\/pages\/2256\/revisions\/22575"}],"up":[{"embeddable":true,"href":"https:\/\/telergon.gorlan.com\/en\/wp-json\/wp\/v2\/pages\/2241"}],"wp:featuredmedia":[{"embeddable":true,"href":"https:\/\/telergon.gorlan.com\/en\/wp-json\/wp\/v2\/media\/2258"}],"wp:attachment":[{"href":"https:\/\/telergon.gorlan.com\/en\/wp-json\/wp\/v2\/media?parent=2256"}],"curies":[{"name":"wp","href":"https:\/\/api.w.org\/{rel}","templated":true}]}}